{"id":665,"date":"2022-02-04T13:29:43","date_gmt":"2022-02-04T13:29:43","guid":{"rendered":"https:\/\/staging-immoabita.webulous.be\/estimation-immobiliere-a-bruxelles-2\/"},"modified":"2022-04-01T10:23:42","modified_gmt":"2022-04-01T10:23:42","slug":"property-valuation-brussels","status":"publish","type":"page","link":"https:\/\/www.immoabita.be\/en\/page\/property-valuation-brussels\/","title":{"rendered":"Estimation immobili\u00e8re \u00e0 Bruxelles : faites appel \u00e0 Abita Immo"},"content":{"rendered":"","protected":false},"excerpt":{"rendered":"","protected":false},"author":1,"featured_media":0,"parent":689,"menu_order":0,"comment_status":"closed","ping_status":"closed","template":"","meta":{"_monsterinsights_skip_tracking":false,"_monsterinsights_sitenote_active":false,"_monsterinsights_sitenote_note":"","_monsterinsights_sitenote_category":0},"acf":[],"yoast_head":"<!-- This site is optimized with the Yoast SEO plugin v19.13 - https:\/\/yoast.com\/wordpress\/plugins\/seo\/ -->\n<title>Property valuation Brussels: find the right price for your property<\/title>\n<meta name=\"description\" content=\"For 30 years, Abita Immo has been specialising in property valuations in Brussels. Our experts estimate your property according to the market\" \/>\n<meta name=\"robots\" content=\"index, follow, max-snippet:-1, max-image-preview:large, max-video-preview:-1\" \/>\n<link rel=\"canonical\" href=\"https:\/\/www.immoabita.be\/en\/page\/property-valuation-brussels\/\" \/>\n<meta property=\"og:locale\" content=\"en_US\" \/>\n<meta property=\"og:type\" content=\"article\" \/>\n<meta property=\"og:title\" content=\"Property valuation Brussels: find the right price for your property\" \/>\n<meta property=\"og:description\" content=\"For 30 years, Abita Immo has been specialising in property valuations in Brussels. Our experts estimate your property according to the market\" \/>\n<meta property=\"og:site_name\" content=\"Abita\" \/>\n<meta property=\"article:modified_time\" content=\"2022-04-01T10:23:42+00:00\" \/>\n<meta name=\"twitter:card\" content=\"summary_large_image\" \/>\n<script type=\"application\/ld+json\" class=\"yoast-schema-graph\">{\"@context\":\"https:\/\/schema.org\",\"@graph\":[{\"@type\":\"WebPage\",\"@id\":\"https:\/\/www.immoabita.be\/en\/page\/property-valuation-brussels\/\",\"url\":\"https:\/\/www.immoabita.be\/en\/page\/property-valuation-brussels\/\",\"name\":\"Property valuation Brussels: find the right price for your property\",\"isPartOf\":{\"@id\":\"https:\/\/www.immoabita.be\/#website\"},\"datePublished\":\"2022-02-04T13:29:43+00:00\",\"dateModified\":\"2022-04-01T10:23:42+00:00\",\"description\":\"For 30 years, Abita Immo has been specialising in property valuations in Brussels. Our experts estimate your property according to the market\",\"breadcrumb\":{\"@id\":\"https:\/\/www.immoabita.be\/en\/page\/property-valuation-brussels\/#breadcrumb\"},\"inLanguage\":\"en-US\",\"potentialAction\":[{\"@type\":\"ReadAction\",\"target\":[\"https:\/\/www.immoabita.be\/en\/page\/property-valuation-brussels\/\"]}]},{\"@type\":\"BreadcrumbList\",\"@id\":\"https:\/\/www.immoabita.be\/en\/page\/property-valuation-brussels\/#breadcrumb\",\"itemListElement\":[{\"@type\":\"ListItem\",\"position\":1,\"name\":\"Accueil\",\"item\":\"https:\/\/www.immoabita.be\/en\/\"},{\"@type\":\"ListItem\",\"position\":2,\"name\":\"Landing Pages\",\"item\":\"https:\/\/www.immoabita.be\/en\/page\/\"},{\"@type\":\"ListItem\",\"position\":3,\"name\":\"Estimation immobili\u00e8re \u00e0 Bruxelles : faites appel \u00e0 Abita Immo\"}]},{\"@type\":\"WebSite\",\"@id\":\"https:\/\/www.immoabita.be\/#website\",\"url\":\"https:\/\/www.immoabita.be\/\",\"name\":\"Abita\",\"description\":\"Real estate is our job!\",\"publisher\":{\"@id\":\"https:\/\/www.immoabita.be\/#organization\"},\"potentialAction\":[{\"@type\":\"SearchAction\",\"target\":{\"@type\":\"EntryPoint\",\"urlTemplate\":\"https:\/\/www.immoabita.be\/?s={search_term_string}\"},\"query-input\":\"required name=search_term_string\"}],\"inLanguage\":\"en-US\"},{\"@type\":\"Organization\",\"@id\":\"https:\/\/www.immoabita.be\/#organization\",\"name\":\"Abita Immo - Real estate agency\",\"url\":\"https:\/\/www.immoabita.be\/\",\"logo\":{\"@type\":\"ImageObject\",\"inLanguage\":\"en-US\",\"@id\":\"https:\/\/www.immoabita.be\/#\/schema\/logo\/image\/\",\"url\":\"https:\/\/staging-immoabita.webulous.be\/wp-content\/uploads\/2022\/02\/logo-abita.png\",\"contentUrl\":\"https:\/\/staging-immoabita.webulous.be\/wp-content\/uploads\/2022\/02\/logo-abita.png\",\"width\":1184,\"height\":1024,\"caption\":\"Abita Immo - Real estate agency\"},\"image\":{\"@id\":\"https:\/\/www.immoabita.be\/#\/schema\/logo\/image\/\"}}]}<\/script>\n<!-- \/ Yoast SEO plugin. -->","yoast_head_json":{"title":"Property valuation Brussels: find the right price for your property","description":"For 30 years, Abita Immo has been specialising in property valuations in Brussels. Our experts estimate your property according to the market","robots":{"index":"index","follow":"follow","max-snippet":"max-snippet:-1","max-image-preview":"max-image-preview:large","max-video-preview":"max-video-preview:-1"},"canonical":"https:\/\/www.immoabita.be\/en\/page\/property-valuation-brussels\/","og_locale":"en_US","og_type":"article","og_title":"Property valuation Brussels: find the right price for your property","og_description":"For 30 years, Abita Immo has been specialising in property valuations in Brussels. Our experts estimate your property according to the market","og_site_name":"Abita","article_modified_time":"2022-04-01T10:23:42+00:00","twitter_card":"summary_large_image","schema":{"@context":"https:\/\/schema.org","@graph":[{"@type":"WebPage","@id":"https:\/\/www.immoabita.be\/en\/page\/property-valuation-brussels\/","url":"https:\/\/www.immoabita.be\/en\/page\/property-valuation-brussels\/","name":"Property valuation Brussels: find the right price for your property","isPartOf":{"@id":"https:\/\/www.immoabita.be\/#website"},"datePublished":"2022-02-04T13:29:43+00:00","dateModified":"2022-04-01T10:23:42+00:00","description":"For 30 years, Abita Immo has been specialising in property valuations in Brussels. Our experts estimate your property according to the market","breadcrumb":{"@id":"https:\/\/www.immoabita.be\/en\/page\/property-valuation-brussels\/#breadcrumb"},"inLanguage":"en-US","potentialAction":[{"@type":"ReadAction","target":["https:\/\/www.immoabita.be\/en\/page\/property-valuation-brussels\/"]}]},{"@type":"BreadcrumbList","@id":"https:\/\/www.immoabita.be\/en\/page\/property-valuation-brussels\/#breadcrumb","itemListElement":[{"@type":"ListItem","position":1,"name":"Accueil","item":"https:\/\/www.immoabita.be\/en\/"},{"@type":"ListItem","position":2,"name":"Landing Pages","item":"https:\/\/www.immoabita.be\/en\/page\/"},{"@type":"ListItem","position":3,"name":"Estimation immobili\u00e8re \u00e0 Bruxelles : faites appel \u00e0 Abita Immo"}]},{"@type":"WebSite","@id":"https:\/\/www.immoabita.be\/#website","url":"https:\/\/www.immoabita.be\/","name":"Abita","description":"Real estate is our job!","publisher":{"@id":"https:\/\/www.immoabita.be\/#organization"},"potentialAction":[{"@type":"SearchAction","target":{"@type":"EntryPoint","urlTemplate":"https:\/\/www.immoabita.be\/?s={search_term_string}"},"query-input":"required name=search_term_string"}],"inLanguage":"en-US"},{"@type":"Organization","@id":"https:\/\/www.immoabita.be\/#organization","name":"Abita Immo - Real estate agency","url":"https:\/\/www.immoabita.be\/","logo":{"@type":"ImageObject","inLanguage":"en-US","@id":"https:\/\/www.immoabita.be\/#\/schema\/logo\/image\/","url":"https:\/\/staging-immoabita.webulous.be\/wp-content\/uploads\/2022\/02\/logo-abita.png","contentUrl":"https:\/\/staging-immoabita.webulous.be\/wp-content\/uploads\/2022\/02\/logo-abita.png","width":1184,"height":1024,"caption":"Abita Immo - Real estate agency"},"image":{"@id":"https:\/\/www.immoabita.be\/#\/schema\/logo\/image\/"}}]}},"_links":{"self":[{"href":"https:\/\/www.immoabita.be\/en\/wp-json\/wp\/v2\/pages\/665"}],"collection":[{"href":"https:\/\/www.immoabita.be\/en\/wp-json\/wp\/v2\/pages"}],"about":[{"href":"https:\/\/www.immoabita.be\/en\/wp-json\/wp\/v2\/types\/page"}],"author":[{"embeddable":true,"href":"https:\/\/www.immoabita.be\/en\/wp-json\/wp\/v2\/users\/1"}],"replies":[{"embeddable":true,"href":"https:\/\/www.immoabita.be\/en\/wp-json\/wp\/v2\/comments?post=665"}],"version-history":[{"count":3,"href":"https:\/\/www.immoabita.be\/en\/wp-json\/wp\/v2\/pages\/665\/revisions"}],"predecessor-version":[{"id":1079,"href":"https:\/\/www.immoabita.be\/en\/wp-json\/wp\/v2\/pages\/665\/revisions\/1079"}],"up":[{"embeddable":true,"href":"https:\/\/www.immoabita.be\/en\/wp-json\/wp\/v2\/pages\/689"}],"wp:attachment":[{"href":"https:\/\/www.immoabita.be\/en\/wp-json\/wp\/v2\/media?parent=665"}],"curies":[{"name":"wp","href":"https:\/\/api.w.org\/{rel}","templated":true}]}}